{"id":3,"date":"2021-02-03T17:58:16","date_gmt":"2021-02-03T17:58:16","guid":{"rendered":"https:\/\/dbayod.com\/blog\/?page_id=3"},"modified":"2021-02-08T11:02:03","modified_gmt":"2021-02-08T11:02:03","slug":"politica-privacidad","status":"publish","type":"page","link":"https:\/\/dbayod.com\/blog\/politica-privacidad\/","title":{"rendered":"Pol\u00edtica de privacidad"},"content":{"rendered":"\n<h2 class=\"wp-block-heading\">Qui\u00e9nes somos<\/h2>\n\n\n\n<p>La direcci\u00f3n de nuestra web es: https:\/\/dbayod.com\/blog.<\/p>\n\n\n\n<h2 class=\"wp-block-heading\">Responsable del tratamiento<\/h2>\n\n\n\n<p><em>Kameo Online, S.L. (en adelante, \u201cKameo\u201d), con domicilio en Avda. Diagonal 44 5\u00ba 1\u00ba 08019 Barcelona<\/em><\/p>\n\n\n\n<p><strong><em>POR QU\u00c9 MOTIVO PODEMOS TRATAR SUS DATOS PERSONALES<\/em><\/strong><\/p>\n\n\n\n<p><em>Kameo&nbsp;<\/em><em>trata sus datos personales para dar cumplimiento a las obligaciones contractuales que derivan de su solicitud de informaci\u00f3n sobre nuestros productos, servicios y actividades.<\/em><\/p>\n\n\n\n<p><em>Asimismo,&nbsp;<\/em><em>Kameo&nbsp;<\/em><em>tiene inter\u00e9s leg\u00edtimo y est\u00e1 legalmente legitimado para remitirle comunicaciones comerciales, incluido por medios electr\u00f3nicos, sobre sus productos, servicios y actividades de id\u00e9ntica o similar naturaleza a los solicitados por Ud., sin perjuicio de su derecho a oponerse a la recepci\u00f3n de dichas comunicaciones, ahora y en cualquier momento, solicit\u00e1ndolo a trav\u00e9s de nuestra direcci\u00f3n postal o electr\u00f3nica.<\/em><\/p>\n\n\n\n<p><strong><em>CU\u00c1NDO Y POR QU\u00c9 MOTIVO PODEMOS FACILITAR SUS DATOS A TERCEROS<\/em><\/strong><\/p>\n\n\n\n<p><em>Sus datos podr\u00e1n ser cedidos a los siguientes destinatarios, por los motivos que a continuaci\u00f3n se explican:<\/em><\/p>\n\n\n\n<ul class=\"wp-block-list\"><li><em>Proveedores:<\/em><em>&nbsp;Proveedores que precisen acceder a sus datos para la prestaci\u00f3n de los servicios que&nbsp;Kameo&nbsp;l<\/em><em>es haya contratado para poder ofrecer sus servicios, y con los cuales&nbsp;Kameo&nbsp;tiene suscritos los contratos de confidencialidad y de tratamiento de datos personales necesarios y exigidos por la normativa sobre privacidad.<\/em><\/li><li><em>Administraciones P\u00fablicas<\/em><em>: para el cumplimiento de las obligaciones legales a las que&nbsp;Kameo&nbsp;se encuentra sujeta por raz\u00f3n de su actividad;<\/em><\/li><\/ul>\n\n\n\n<p><em>Asimismo, sus datos podr\u00e1n ser transferidos a los siguientes destinatarios, por los motivos que a continuaci\u00f3n se explican:<\/em><\/p>\n\n\n\n<ul class=\"wp-block-list\"><li><em>Proveedores:<\/em><em>&nbsp;Kameo&nbsp;tiene contratados servicios de proveedores tecnol\u00f3gicos que pueden estar ubicados en terceros pa\u00edses que no disponen de una normativa equivalente a la europea. Estos proveedores, han sido contratados por&nbsp;Kameo&nbsp;para obtener los servicios que son necesarios para el desarrollo de sus actividades y han suscrito con&nbsp;Kameo&nbsp;los contratos de confidencialidad y tratamiento de datos exigidos por la normativa, aplicando las garant\u00edas y salvaguardas necesarias para preservar su privacidad.<\/em><\/li><\/ul>\n\n\n\n<p><em>Bajo ning\u00fan concepto&nbsp;<\/em><em>Kameo&nbsp;<\/em><em>ceder\u00e1 o transferir\u00e1 sus datos personales a otras empresas o entidades distintas de las que se indican en el presente apartado, sin su previo consentimiento.<\/em><\/p>\n\n\n\n<p><em>Para m\u00e1s informaci\u00f3n sobre las garant\u00edas a su privacidad, puede dirigirse a&nbsp;<\/em><em>Kameo&nbsp;<\/em><em>en las direcciones postal y electr\u00f3nica arriba indicadas.<\/em><\/p>\n\n\n\n<p><strong><em>DECISIONES INDIVIDUALES AUTOMATIZADAS<\/em><\/strong><\/p>\n\n\n\n<p><em>Kameo&nbsp;<\/em><em>no adopta decisiones que puedan afectarle de forma relevante basadas \u00fanicamente en el tratamiento automatizado de sus datos. Todos los procesos de toma de decisiones relacionados con su solicitud y el tratamiento de sus datos, se realizan con intervenci\u00f3n humana.<\/em><\/p>\n\n\n\n<p><strong><em>DURANTE CU\u00c1NTO TIEMPO GUARDAREMOS SUS DATOS<\/em><\/strong><\/p>\n\n\n\n<p><em>Sus datos personales se conservar\u00e1n mientras se mantenga su relaci\u00f3n con&nbsp;<\/em><em>Kameo&nbsp;<\/em><em>y, tras la finalizaci\u00f3n de dicha relaci\u00f3n por cualquier causa, durante los plazos de prescripci\u00f3n legales que sean de aplicaci\u00f3n. En este supuesto, se tratar\u00e1n a los solos efectos de acreditar el cumplimiento de nuestras obligaciones legales o contractuales. Finalizados dichos plazos de prescripci\u00f3n, sus datos ser\u00e1n eliminados o, alternativamente, anonimizados.<\/em><\/p>\n\n\n<h3>\u00bfCU\u00c1LES SON SUS DERECHOS?<\/h3>\n\n\n<p><em>Ud. puede ejercitar sus derechos de acceso, rectificaci\u00f3n, supresi\u00f3n y portabilidad, limitaci\u00f3n y\/u oposici\u00f3n al tratamiento, a trav\u00e9s de las direcciones postal y electr\u00f3nica indicadas.<\/em><\/p>\n\n\n\n<p><em>Asimismo, si Ud. considera que el tratamiento de sus datos personales vulnera la normativa o sus derechos de privacidad, puede presentar una reclamaci\u00f3n:<\/em><\/p>\n\n\n\n<ul class=\"wp-block-list\"><li><em>A&nbsp;Kameo Online SL, a trav\u00e9s de las direcciones postal y electr\u00f3nica indicadas.<\/em><\/li><li><em>Ante la Agencia Espa\u00f1ola de Protecci\u00f3n de Datos, a trav\u00e9s de su sede electr\u00f3nica, o de su direcci\u00f3n postal.<\/em><\/li><\/ul>\n\n\n\n<h4 class=\"wp-block-heading\">Informaci\u00f3n relacionada con la resoluci\u00f3n de disputa en l\u00ednea del Art. 14, p\u00e1rr. 1 del ODR (Regulaci\u00f3n de resoluci\u00f3n de disputa en l\u00ednea):<\/h4>\n\n\n\n<h3 class=\"wp-block-heading\">Cookies<\/h3>\n\n\n\n<p>Si dejas un comentario en nuestro sitio puedes elegir guardar tu nombre, direcci\u00f3n de correo electr\u00f3nico y web en cookies. Esto es para tu comodidad, para que no tengas que volver a rellenar tus datos cuando dejes otro comentario. Estas cookies tendr\u00e1n una duraci\u00f3n de un a\u00f1o.<\/p>\n\n\n\n<p>Si tienes una cuenta y te conectas a este sitio, instalaremos una cookie temporal para determinar si tu navegador acepta cookies. Esta cookie no contiene datos personales y se elimina al cerrar el navegador.<\/p>\n\n\n\n<p>Cuando accedas, tambi\u00e9n instalaremos varias cookies para guardar tu informaci\u00f3n de acceso y tus opciones de visualizaci\u00f3n de pantalla. Las cookies de acceso duran dos d\u00edas, y las cookies de opciones de pantalla duran un a\u00f1o. Si seleccionas \u00abRecu\u00e9rdarme\u00bb, tu acceso perdurar\u00e1 durante dos semanas. Si sales de tu cuenta, las cookies de acceso se eliminar\u00e1n.<\/p>\n\n\n\n<p>Si editas o publicas un art\u00edculo se guardar\u00e1 una cookie adicional en tu navegador. Esta cookie no incluye datos personales y simplemente indica el ID del art\u00edculo que acabas de editar. Caduca despu\u00e9s de 1 d\u00eda.<\/p>\n\n\n\n<h3 class=\"wp-block-heading\">Contenido incrustado de otros sitios web<\/h3>\n\n\n\n<p>Los art\u00edculos de este sitio pueden incluir contenido incrustado (por ejemplo, v\u00eddeos, im\u00e1genes, art\u00edculos, etc.). El contenido incrustado de otras webs se comporta exactamente de la misma manera que si el visitante hubiera visitado la otra web.<\/p>\n\n\n\n<p>Estas web pueden recopilar datos sobre ti, utilizar cookies, incrustar un seguimiento adicional de terceros, y supervisar tu interacci\u00f3n con ese contenido incrustado, incluido el seguimiento de tu interacci\u00f3n con el contenido incrustado si tienes una cuenta y est\u00e1s conectado a esa web.<\/p>\n\n\n\n<h2 class=\"wp-block-heading\">Cu\u00e1nto tiempo conservamos tus datos<\/h2>\n\n\n\n<p>Si dejas un comentario, el comentario y sus metadatos se conservan indefinidamente. Esto es para que podamos reconocer y aprobar comentarios sucesivos autom\u00e1ticamente, en lugar de mantenerlos en una cola de moderaci\u00f3n.<\/p>\n\n\n\n<p>De los usuarios que se registran en nuestra web (si los hay), tambi\u00e9n almacenamos la informaci\u00f3n personal que proporcionan en su perfil de usuario. Todos los usuarios pueden ver, editar o eliminar su informaci\u00f3n personal en cualquier momento (excepto que no pueden cambiar su nombre de usuario). Los administradores de la web tambi\u00e9n pueden ver y editar esa informaci\u00f3n.<\/p>\n\n\n\n<h2 class=\"wp-block-heading\">Qu\u00e9 derechos tienes sobre tus datos<\/h2>\n\n\n\n<p>Si tienes una cuenta o has dejado comentarios en esta web, puedes solicitar recibir un archivo de exportaci\u00f3n de los datos personales que tenemos sobre ti, incluyendo cualquier dato que nos hayas proporcionado. Tambi\u00e9n puedes solicitar que eliminemos cualquier dato personal que tengamos sobre ti. Esto no incluye ning\u00fan dato que estemos obligados a conservar con fines administrativos, legales o de seguridad.<\/p>\n\n\n\n<h2 class=\"wp-block-heading\">D\u00f3nde enviamos tus datos<\/h2>\n\n\n\n<p>Los comentarios de los visitantes puede que los revise un servicio de detecci\u00f3n autom\u00e1tica de spam.<\/p>\n\n\n\n<p><\/p>\n","protected":false},"excerpt":{"rendered":"<p>Qui\u00e9nes somos La direcci\u00f3n de nuestra web es: https:\/\/dbayod.com\/blog. Responsable del tratamiento Kameo Online, S.L. (en adelante, \u201cKameo\u201d), con domicilio en Avda. Diagonal 44 5\u00ba 1\u00ba 08019 Barcelona POR QU\u00c9 &hellip; <\/p>\n","protected":false},"author":1,"featured_media":0,"parent":0,"menu_order":0,"comment_status":"closed","ping_status":"open","template":"","meta":{"footnotes":""},"class_list":["post-3","page","type-page","status-publish","hentry"],"yoast_head":"<!-- This site is optimized with the Yoast SEO plugin v20.12 - https:\/\/yoast.com\/wordpress\/plugins\/seo\/ -->\n<title>Pol\u00edtica de privacidad - dbayod<\/title>\n<meta name=\"robots\" content=\"index, follow, max-snippet:-1, max-image-preview:large, max-video-preview:-1\" \/>\n<link rel=\"canonical\" href=\"https:\/\/dbayod.com\/blog\/politica-privacidad\/\" \/>\n<meta property=\"og:locale\" content=\"es_ES\" \/>\n<meta property=\"og:type\" content=\"article\" \/>\n<meta property=\"og:title\" content=\"Pol\u00edtica de privacidad - dbayod\" \/>\n<meta property=\"og:description\" content=\"Qui\u00e9nes somos La direcci\u00f3n de nuestra web es: https:\/\/dbayod.com\/blog. Responsable del tratamiento Kameo Online, S.L. (en adelante, \u201cKameo\u201d), con domicilio en Avda. Diagonal 44 5\u00ba 1\u00ba 08019 Barcelona POR QU\u00c9 &hellip;\" \/>\n<meta property=\"og:url\" content=\"https:\/\/dbayod.com\/blog\/politica-privacidad\/\" \/>\n<meta property=\"og:site_name\" content=\"dbayod\" \/>\n<meta property=\"article:modified_time\" content=\"2021-02-08T11:02:03+00:00\" \/>\n<meta name=\"twitter:card\" content=\"summary_large_image\" \/>\n<meta name=\"twitter:label1\" content=\"Tiempo de lectura\" \/>\n\t<meta name=\"twitter:data1\" content=\"5 minutos\" \/>\n<script type=\"application\/ld+json\" class=\"yoast-schema-graph\">{\"@context\":\"https:\/\/schema.org\",\"@graph\":[{\"@type\":\"WebPage\",\"@id\":\"https:\/\/dbayod.com\/blog\/politica-privacidad\/\",\"url\":\"https:\/\/dbayod.com\/blog\/politica-privacidad\/\",\"name\":\"Pol\u00edtica de privacidad - dbayod\",\"isPartOf\":{\"@id\":\"https:\/\/dbayod.com\/blog\/#website\"},\"datePublished\":\"2021-02-03T17:58:16+00:00\",\"dateModified\":\"2021-02-08T11:02:03+00:00\",\"breadcrumb\":{\"@id\":\"https:\/\/dbayod.com\/blog\/politica-privacidad\/#breadcrumb\"},\"inLanguage\":\"es\",\"potentialAction\":[{\"@type\":\"ReadAction\",\"target\":[\"https:\/\/dbayod.com\/blog\/politica-privacidad\/\"]}]},{\"@type\":\"BreadcrumbList\",\"@id\":\"https:\/\/dbayod.com\/blog\/politica-privacidad\/#breadcrumb\",\"itemListElement\":[{\"@type\":\"ListItem\",\"position\":1,\"name\":\"Portada\",\"item\":\"https:\/\/dbayod.com\/blog\/\"},{\"@type\":\"ListItem\",\"position\":2,\"name\":\"Pol\u00edtica de privacidad\"}]},{\"@type\":\"WebSite\",\"@id\":\"https:\/\/dbayod.com\/blog\/#website\",\"url\":\"https:\/\/dbayod.com\/blog\/\",\"name\":\"dbayod\",\"description\":\"Fotograf\u00eda, tecnolog\u00eda, arte y mucho m\u00e1s\",\"publisher\":{\"@id\":\"https:\/\/dbayod.com\/blog\/#organization\"},\"potentialAction\":[{\"@type\":\"SearchAction\",\"target\":{\"@type\":\"EntryPoint\",\"urlTemplate\":\"https:\/\/dbayod.com\/blog\/?s={search_term_string}\"},\"query-input\":\"required name=search_term_string\"}],\"inLanguage\":\"es\"},{\"@type\":\"Organization\",\"@id\":\"https:\/\/dbayod.com\/blog\/#organization\",\"name\":\"dbayod\",\"url\":\"https:\/\/dbayod.com\/blog\/\",\"logo\":{\"@type\":\"ImageObject\",\"inLanguage\":\"es\",\"@id\":\"https:\/\/dbayod.com\/blog\/#\/schema\/logo\/image\/\",\"url\":\"https:\/\/dbayod.com\/blog\/wp-content\/uploads\/2021\/02\/cropped-logo.png\",\"contentUrl\":\"https:\/\/dbayod.com\/blog\/wp-content\/uploads\/2021\/02\/cropped-logo.png\",\"width\":361,\"height\":95,\"caption\":\"dbayod\"},\"image\":{\"@id\":\"https:\/\/dbayod.com\/blog\/#\/schema\/logo\/image\/\"}}]}<\/script>\n<!-- \/ Yoast SEO plugin. -->","yoast_head_json":{"title":"Pol\u00edtica de privacidad - dbayod","robots":{"index":"index","follow":"follow","max-snippet":"max-snippet:-1","max-image-preview":"max-image-preview:large","max-video-preview":"max-video-preview:-1"},"canonical":"https:\/\/dbayod.com\/blog\/politica-privacidad\/","og_locale":"es_ES","og_type":"article","og_title":"Pol\u00edtica de privacidad - dbayod","og_description":"Qui\u00e9nes somos La direcci\u00f3n de nuestra web es: https:\/\/dbayod.com\/blog. Responsable del tratamiento Kameo Online, S.L. (en adelante, \u201cKameo\u201d), con domicilio en Avda. Diagonal 44 5\u00ba 1\u00ba 08019 Barcelona POR QU\u00c9 &hellip;","og_url":"https:\/\/dbayod.com\/blog\/politica-privacidad\/","og_site_name":"dbayod","article_modified_time":"2021-02-08T11:02:03+00:00","twitter_card":"summary_large_image","twitter_misc":{"Tiempo de lectura":"5 minutos"},"schema":{"@context":"https:\/\/schema.org","@graph":[{"@type":"WebPage","@id":"https:\/\/dbayod.com\/blog\/politica-privacidad\/","url":"https:\/\/dbayod.com\/blog\/politica-privacidad\/","name":"Pol\u00edtica de privacidad - dbayod","isPartOf":{"@id":"https:\/\/dbayod.com\/blog\/#website"},"datePublished":"2021-02-03T17:58:16+00:00","dateModified":"2021-02-08T11:02:03+00:00","breadcrumb":{"@id":"https:\/\/dbayod.com\/blog\/politica-privacidad\/#breadcrumb"},"inLanguage":"es","potentialAction":[{"@type":"ReadAction","target":["https:\/\/dbayod.com\/blog\/politica-privacidad\/"]}]},{"@type":"BreadcrumbList","@id":"https:\/\/dbayod.com\/blog\/politica-privacidad\/#breadcrumb","itemListElement":[{"@type":"ListItem","position":1,"name":"Portada","item":"https:\/\/dbayod.com\/blog\/"},{"@type":"ListItem","position":2,"name":"Pol\u00edtica de privacidad"}]},{"@type":"WebSite","@id":"https:\/\/dbayod.com\/blog\/#website","url":"https:\/\/dbayod.com\/blog\/","name":"dbayod","description":"Fotograf\u00eda, tecnolog\u00eda, arte y mucho m\u00e1s","publisher":{"@id":"https:\/\/dbayod.com\/blog\/#organization"},"potentialAction":[{"@type":"SearchAction","target":{"@type":"EntryPoint","urlTemplate":"https:\/\/dbayod.com\/blog\/?s={search_term_string}"},"query-input":"required name=search_term_string"}],"inLanguage":"es"},{"@type":"Organization","@id":"https:\/\/dbayod.com\/blog\/#organization","name":"dbayod","url":"https:\/\/dbayod.com\/blog\/","logo":{"@type":"ImageObject","inLanguage":"es","@id":"https:\/\/dbayod.com\/blog\/#\/schema\/logo\/image\/","url":"https:\/\/dbayod.com\/blog\/wp-content\/uploads\/2021\/02\/cropped-logo.png","contentUrl":"https:\/\/dbayod.com\/blog\/wp-content\/uploads\/2021\/02\/cropped-logo.png","width":361,"height":95,"caption":"dbayod"},"image":{"@id":"https:\/\/dbayod.com\/blog\/#\/schema\/logo\/image\/"}}]}},"amp_enabled":true,"_links":{"self":[{"href":"https:\/\/dbayod.com\/blog\/wp-json\/wp\/v2\/pages\/3","targetHints":{"allow":["GET"]}}],"collection":[{"href":"https:\/\/dbayod.com\/blog\/wp-json\/wp\/v2\/pages"}],"about":[{"href":"https:\/\/dbayod.com\/blog\/wp-json\/wp\/v2\/types\/page"}],"author":[{"embeddable":true,"href":"https:\/\/dbayod.com\/blog\/wp-json\/wp\/v2\/users\/1"}],"replies":[{"embeddable":true,"href":"https:\/\/dbayod.com\/blog\/wp-json\/wp\/v2\/comments?post=3"}],"version-history":[{"count":1,"href":"https:\/\/dbayod.com\/blog\/wp-json\/wp\/v2\/pages\/3\/revisions"}],"predecessor-version":[{"id":1872,"href":"https:\/\/dbayod.com\/blog\/wp-json\/wp\/v2\/pages\/3\/revisions\/1872"}],"wp:attachment":[{"href":"https:\/\/dbayod.com\/blog\/wp-json\/wp\/v2\/media?parent=3"}],"curies":[{"name":"wp","href":"https:\/\/api.w.org\/{rel}","templated":true}]}}